{"id":386465,"date":"2024-07-16T14:54:44","date_gmt":"2024-07-16T12:54:44","guid":{"rendered":"https:\/\/staging.indigo-lighting.com\/product\/tr487-3\/"},"modified":"2025-05-30T22:37:47","modified_gmt":"2025-05-30T20:37:47","slug":"tr487","status":"publish","type":"product","link":"https:\/\/staging.indigo-lighting.com\/de\/product\/tr487\/","title":{"rendered":"TR487"},"content":{"rendered":"<ul>\n<li>DECO TRACK 48 S L\u00e4ngsverbinder und mechanische Verst\u00e4rkungen f\u00fcr versenkte Schiene.<\/li>\n<\/ul>\n","protected":false},"excerpt":{"rendered":"<p>DECO TRACK 48 S L\u00e4ngsverbinder und mechanische Verst\u00e4rkungen f\u00fcr versenkte Schiene.<\/p>\n","protected":false},"featured_media":0,"comment_status":"open","ping_status":"closed","template":"","meta":{"_acf_changed":false,"_relevanssi_hide_post":"","_relevanssi_hide_content":"","_relevanssi_pin_for_all":"","_relevanssi_pin_keywords":"","_relevanssi_unpin_keywords":"","_relevanssi_related_keywords":"","_relevanssi_related_include_ids":"","_relevanssi_related_exclude_ids":"","_relevanssi_related_no_append":"","_relevanssi_related_not_related":"","_relevanssi_related_posts":"","_relevanssi_noindex_reason":""},"product_brand":[],"product_cat":[54537,54537],"product_tag":[],"family":[],"class_list":{"0":"post-386465","1":"product","2":"type-product","3":"status-publish","5":"product_cat-verwandtes-zubehoer-de-zubehoer-de","7":"pa_conformite-ce-de-ce-genehmigung","8":"pa_couleur-de-schwarz-matt","9":"pa_description-technique-de-i-verbinder-mechanische-verstarkungen-fur-schiene-s","10":"pa_garantie-de-5-jahre","11":"pa_hauteur-de-17","12":"pa_largeur-de-16","13":"pa_lieu-de-montage-de-verwendung-nur-in-innenraumen","14":"pa_longueur-de-144","15":"pa_matiere-corps-de-kunststoff","16":"pa_new-de-new","17":"pa_reference-indigo-de-tr48705","18":"pa_tarif-euro-de-4000","19":"pa_tarif-franc-suisse-de-4000","21":"first","22":"instock","23":"shipping-taxable","24":"purchasable","25":"product-type-variable"},"acf":[],"_links":{"self":[{"href":"https:\/\/staging.indigo-lighting.com\/de\/wp-json\/wp\/v2\/product\/386465","targetHints":{"allow":["GET"]}}],"collection":[{"href":"https:\/\/staging.indigo-lighting.com\/de\/wp-json\/wp\/v2\/product"}],"about":[{"href":"https:\/\/staging.indigo-lighting.com\/de\/wp-json\/wp\/v2\/types\/product"}],"replies":[{"embeddable":true,"href":"https:\/\/staging.indigo-lighting.com\/de\/wp-json\/wp\/v2\/comments?post=386465"}],"wp:attachment":[{"href":"https:\/\/staging.indigo-lighting.com\/de\/wp-json\/wp\/v2\/media?parent=386465"}],"wp:term":[{"taxonomy":"product_brand","embeddable":true,"href":"https:\/\/staging.indigo-lighting.com\/de\/wp-json\/wp\/v2\/product_brand?post=386465"},{"taxonomy":"product_cat","embeddable":true,"href":"https:\/\/staging.indigo-lighting.com\/de\/wp-json\/wp\/v2\/product_cat?post=386465"},{"taxonomy":"product_tag","embeddable":true,"href":"https:\/\/staging.indigo-lighting.com\/de\/wp-json\/wp\/v2\/product_tag?post=386465"},{"taxonomy":"family","embeddable":true,"href":"https:\/\/staging.indigo-lighting.com\/de\/wp-json\/wp\/v2\/family?post=386465"}],"curies":[{"name":"wp","href":"https:\/\/api.w.org\/{rel}","templated":true}]}}