{"id":382241,"date":"2023-12-08T13:54:52","date_gmt":"2023-12-08T11:54:52","guid":{"rendered":"https:\/\/staging.indigo-lighting.com\/product\/solis-pro-csp-3\/"},"modified":"2025-05-30T08:14:28","modified_gmt":"2025-05-30T06:14:28","slug":"solis-pro-csp","status":"publish","type":"product","link":"https:\/\/staging.indigo-lighting.com\/de\/product\/solis-pro-csp\/","title":{"rendered":"SOLIS PRO CSP"},"content":{"rendered":"<ul>\n<li>LED-Panel 600x600mm.<\/li>\n<li>Prismatischer PS-Diffusor.<\/li>\n<li>Schnellanschluss und Sicherheitsseil im Lieferumfang enthalten.<\/li>\n<li>Geeignet zur Abdeckung mit D\u00e4mmung, mit Ausnahme des Treiber.<\/li>\n<li>Nicht dimmbarer externer Konverter im Lieferumfang enthalten.<\/li>\n<li>Mehrfachleistung: 22, 24, 26 oder 28W w\u00e4hlbar \u00fcber einen Schalter am Konverter.<\/li>\n<li>Aufputz-Set oder Aufh\u00e4ngungsset separat erh\u00e4ltlich.<\/li>\n<li>Optionales Notbeleuchtungsset.<\/li>\n<\/ul>\n","protected":false},"excerpt":{"rendered":"<p>LED-Panel 600x600mm. Prismatischer PS-Diffusor. Schnellanschluss und Sicherheitsseil im Lieferumfang enthalten. Geeignet zur Abdeckung mit D\u00e4mmung, mit Ausnahme des Treiber. Nicht dimmbarer externer Konverter im Lieferumfang enthalten. Mehrfachleistung: 22, 24, 26 oder 28W w\u00e4hlbar \u00fcber einen Schalter am Konverter. Aufputz-Set oder Aufh\u00e4ngungsset separat erh\u00e4ltlich. Optionales Notbeleuchtungsset.<\/p>\n","protected":false},"featured_media":382242,"comment_status":"open","ping_status":"closed","template":"","meta":{"_acf_changed":false,"_relevanssi_hide_post":"","_relevanssi_hide_content":"","_relevanssi_pin_for_all":"","_relevanssi_pin_keywords":"","_relevanssi_unpin_keywords":"","_relevanssi_related_keywords":"","_relevanssi_related_include_ids":"","_relevanssi_related_exclude_ids":"","_relevanssi_related_no_append":"","_relevanssi_related_not_related":"","_relevanssi_related_posts":"","_relevanssi_noindex_reason":""},"product_brand":[],"product_cat":[44367,44367],"product_tag":[],"family":[],"class_list":{"0":"post-382241","1":"product","2":"type-product","3":"status-publish","4":"has-post-thumbnail","6":"product_cat-led-panele-de-innenleuchten-de","8":"pa_ac-dc-de-ac-230v-dc-620ma-dc-675ma-dc-720ma-dc-775ma","9":"pa_avec-prises-usb-de-keine","10":"pa_batterie-rechargeable-usb-de-nein","11":"pa_cellules-solaires-de-nein","12":"pa_classe-energetique-liste-de-energieklasse-b","13":"pa_conformite-ce-de-ce-genehmigung","14":"pa_convertisseur-inclus-de-inklusive-konverter","15":"pa_convertisseur-remplacable-de-treiber-von-einem-elektriker-austauschbar","16":"pa_couleur-de-weiss","17":"pa_description-technique-de-solis-pro-csp-22w-24w-26w-28w-5400lm-4000k-90-ip44","18":"pa_detecteur-de-mouvement-de-nein","19":"pa_dimmable-de-nein","20":"pa_duree-de-vie-de-l80-54-000h","21":"pa_garantie-de-5-jahre","22":"pa_hauteur-de-32","23":"pa_irc-ra-de-cri80","24":"pa_largeur-de-600","25":"pa_largeur-de-faisceau-de-90","26":"pa_led-remplacable-de-led-von-einem-elektriker-austauschbar","27":"pa_lieu-de-montage-de-verwendung-nur-in-innenraumen","28":"pa_longueur-de-600","29":"pa_matiere-corps-de-aluminium","30":"pa_montage-et-diffusion-de-nur-deckeneinbaumontage","31":"pa_nombre-de-sources-de-1","32":"pa_nombre-de-sources-norme-de-1","33":"pa_recouvrable-par-un-isolant-de-das-produkt-darf-nach-der-montage-nicht-abgedeckt-werden-auch-nicht-mit-einer-dammung","34":"pa_reference-indigo-de-solp66n4k","35":"pa_rg-risque-photobiologique-de-rg0","36":"pa_surface-de-montage-de-decke","37":"pa_tarif-euro-de-11100","38":"pa_tarif-franc-suisse-de-11100","39":"pa_technologie-de-integrierte-led","40":"pa_temperature-de-couleur-de-4000k","41":"pa_test-au-fil-incandescent-de-850","42":"pa_type-de-montage-de-eingebaut","43":"pa_type-de-variation-de-nicht-dimmbar","44":"pa_ugr-unified-glare-ratio-de-ugr-niedriger-als-19","46":"first","47":"instock","48":"shipping-taxable","49":"purchasable","50":"product-type-variable"},"acf":[],"_links":{"self":[{"href":"https:\/\/staging.indigo-lighting.com\/de\/wp-json\/wp\/v2\/product\/382241","targetHints":{"allow":["GET"]}}],"collection":[{"href":"https:\/\/staging.indigo-lighting.com\/de\/wp-json\/wp\/v2\/product"}],"about":[{"href":"https:\/\/staging.indigo-lighting.com\/de\/wp-json\/wp\/v2\/types\/product"}],"replies":[{"embeddable":true,"href":"https:\/\/staging.indigo-lighting.com\/de\/wp-json\/wp\/v2\/comments?post=382241"}],"wp:featuredmedia":[{"embeddable":true,"href":"https:\/\/staging.indigo-lighting.com\/de\/wp-json\/wp\/v2\/media\/382242"}],"wp:attachment":[{"href":"https:\/\/staging.indigo-lighting.com\/de\/wp-json\/wp\/v2\/media?parent=382241"}],"wp:term":[{"taxonomy":"product_brand","embeddable":true,"href":"https:\/\/staging.indigo-lighting.com\/de\/wp-json\/wp\/v2\/product_brand?post=382241"},{"taxonomy":"product_cat","embeddable":true,"href":"https:\/\/staging.indigo-lighting.com\/de\/wp-json\/wp\/v2\/product_cat?post=382241"},{"taxonomy":"product_tag","embeddable":true,"href":"https:\/\/staging.indigo-lighting.com\/de\/wp-json\/wp\/v2\/product_tag?post=382241"},{"taxonomy":"family","embeddable":true,"href":"https:\/\/staging.indigo-lighting.com\/de\/wp-json\/wp\/v2\/family?post=382241"}],"curies":[{"name":"wp","href":"https:\/\/api.w.org\/{rel}","templated":true}]}}